{"id":230,"date":"2018-06-06T14:42:57","date_gmt":"2018-06-06T12:42:57","guid":{"rendered":"https:\/\/www.ulrichhof.com\/?page_id=230"},"modified":"2022-11-24T10:35:37","modified_gmt":"2022-11-24T09:35:37","slug":"editoriale","status":"publish","type":"page","link":"https:\/\/www.ulrichhof.com\/it\/editoriale\/","title":{"rendered":"Editoriale"},"content":{"rendered":"<h3>Committente &amp; proprietario<\/h3>\n<p>St. Ulrichhof<br \/>\nRudolf von Musil<br \/>\nVia della Rena 20<br \/>\nI-39011 Lana (BZ)<br \/>\nT +39 0473 550 147<br \/>\n<a href=\"mailto:&#105;nfo&#64;st&#46;u&#108;&#114;&#105;&#99;&#104;&#104;&#111;&#102;.&#99;o&#109;\">&#105;n&#102;o&#64;st&#46;ulri&#99;h&#104;&#111;f.&#99;&#111;m<\/a><\/p>\n<p>P-IVA: 02362420214<\/p>\n<h3>Design, programmazione &amp; CMS<\/h3>\n<p>ps-design<br \/>\nd. Pircher Stefan<br \/>\nVia Monte Luco 24<br \/>\nI-39011 Lana (BZ)<br \/>\nM +39 333 3914367<br \/>\n<a href=\"mailto:&#105;n&#102;o&#64;&#112;s&#45;d&#101;&#115;&#105;gn.&#105;t\">&#105;&#110;&#102;o&#64;&#112;s&#45;de&#115;&#105;&#103;&#110;&#46;i&#116;<\/a><\/p>\n<h3>Sorgente foto &amp; immagini<\/h3>\n<p><a href=\"http:\/\/www.web-artwork.com\" target=\"_blank\" rel=\"noopener\">Web-Artwork d. Vieider Cynthia<\/a><br \/>\n<a href=\"https:\/\/www.merano-suedtirol.it\/de\/lana-und-umgebung\/\" target=\"_blank\" rel=\"noopener\">Associazione turistica Lana e dintorni<\/a><br \/>\n<a href=\"https:\/\/www.merano-suedtirol.it\/de\/meraner-land\/\" target=\"_blank\" rel=\"noopener\">Merano e dintorni in Alto Adige<\/a><br \/>\n<a href=\"https:\/\/www.idm-suedtirol.com\" target=\"_blank\" rel=\"noopener\">IDM Alto Adige<\/a> Frieder Blickle, Alex Filz, Damian Lukas Pertoll.<\/p>\n<h3>Indicazioni &amp; avviso di responsabilit\u00e0<\/h3>\n<p>Alle Angaben und Inhalte dieser Internet-Seite wurden von uns sorgf\u00e4ltig \u00fcberpr\u00fcft. Trotz aller Sorgfalt kann keine Haftung oder Garantie f\u00fcr die Richtigkeit, Vollst\u00e4ndigkeit und Aktualit\u00e4t der Daten \u00fcbernommen werden. Dies gilt auch f\u00fcr alle anderen Websites, auf die mit Hyperlinks verwiesen wird. St. Ulrichhof ist f\u00fcr den Inhalt der Websites, die aufgrund einer solchen Verbindung erreicht werden, nicht verantwortlich. Wir behalten uns das Recht vor, Aktualisierungen, \u00c4nderungen oder Erg\u00e4nzungen an den bereitgestellten Informationen und Daten vorzunehmen.<\/p>\n<h3>Copyright<\/h3>\n<p>Konzept, Struktur und Inhalt dieser Website ist urheberrechtlich gesch\u00fctzt. Die Vervielf\u00e4ltigung von Informationen oder Daten, insbesondere die Verwendung von Texten, Textteilen oder Bildmaterial bedarf der vorherigen Zustimmung des St. Ulrichhofs.<\/p>\n<h3>CMS-System<\/h3>\n<p>powered by powered by <a href=\"http:\/\/it.wordpress.org\" target=\"_blank\" rel=\"noopener\">WordPress<\/a><\/p>\n","protected":false},"excerpt":{"rendered":"<p>Committente &amp; proprietario St. Ulrichhof Rudolf von Musil Via della Rena 20 I-39011 Lana (BZ) T +39 0473 550 147 P-IVA: 02362420214 Design, programmazione &amp; CMS ps-design d. Pircher Stefan Via Monte Luco 24 I-39011 Lana (BZ) M +39 333 3914367 Sorgente foto &amp; immagini Web-Artwork d. Vieider Cynthia Associazione turistica Lana e dintorni Merano [&hellip;]<\/p>\n","protected":false},"author":1,"featured_media":0,"parent":0,"menu_order":70,"comment_status":"closed","ping_status":"closed","template":"","meta":{"footnotes":""},"class_list":["post-230","page","type-page","status-publish","hentry"],"_links":{"self":[{"href":"https:\/\/www.ulrichhof.com\/it\/wp-json\/wp\/v2\/pages\/230","targetHints":{"allow":["GET"]}}],"collection":[{"href":"https:\/\/www.ulrichhof.com\/it\/wp-json\/wp\/v2\/pages"}],"about":[{"href":"https:\/\/www.ulrichhof.com\/it\/wp-json\/wp\/v2\/types\/page"}],"author":[{"embeddable":true,"href":"https:\/\/www.ulrichhof.com\/it\/wp-json\/wp\/v2\/users\/1"}],"replies":[{"embeddable":true,"href":"https:\/\/www.ulrichhof.com\/it\/wp-json\/wp\/v2\/comments?post=230"}],"version-history":[{"count":0,"href":"https:\/\/www.ulrichhof.com\/it\/wp-json\/wp\/v2\/pages\/230\/revisions"}],"wp:attachment":[{"href":"https:\/\/www.ulrichhof.com\/it\/wp-json\/wp\/v2\/media?parent=230"}],"curies":[{"name":"wp","href":"https:\/\/api.w.org\/{rel}","templated":true}]}}